{"id":67,"date":"2025-01-18T18:18:34","date_gmt":"2025-01-18T17:18:34","guid":{"rendered":"https:\/\/vitaliteetharmonieensoi.com\/?page_id=67"},"modified":"2025-05-27T11:17:26","modified_gmt":"2025-05-27T09:17:26","slug":"le-massage-preconception","status":"publish","type":"page","link":"https:\/\/vitaliteetharmonieensoi.com\/index.php\/le-massage-preconception\/","title":{"rendered":"Le Massage Pr\u00e9conception"},"content":{"rendered":"\t\t<div data-elementor-type=\"wp-page\" data-elementor-id=\"67\" class=\"elementor elementor-67\">\n\t\t\t\t<div class=\"elementor-element elementor-element-544fa4f e-flex e-con-boxed e-con e-parent\" data-id=\"544fa4f\" data-element_type=\"container\">\n\t\t\t\t\t<div class=\"e-con-inner\">\n\t\t\t\t<div class=\"elementor-element elementor-element-2f3fec2 elementor-widget elementor-widget-spacer\" data-id=\"2f3fec2\" data-element_type=\"widget\" data-widget_type=\"spacer.default\">\n\t\t\t\t<div class=\"elementor-widget-container\">\n\t\t\t\t\t\t\t<div class=\"elementor-spacer\">\n\t\t\t<div class=\"elementor-spacer-inner\"><\/div>\n\t\t<\/div>\n\t\t\t\t\t\t<\/div>\n\t\t\t\t<\/div>\n\t\t\t\t\t<\/div>\n\t\t\t\t<\/div>\n\t\t<div class=\"elementor-element elementor-element-67ae4e7 e-flex e-con-boxed e-con e-parent\" data-id=\"67ae4e7\" data-element_type=\"container\">\n\t\t\t\t\t<div class=\"e-con-inner\">\n\t\t\t\t<div class=\"elementor-element elementor-element-6e9456c elementor-widget elementor-widget-heading\" data-id=\"6e9456c\" data-element_type=\"widget\" data-widget_type=\"heading.default\">\n\t\t\t\t<div class=\"elementor-widget-container\">\n\t\t\t\t\t<h2 class=\"elementor-heading-title elementor-size-default\">LE MASSAGE PR\u00c9CONCEPTION<\/h2>\t\t\t\t<\/div>\n\t\t\t\t<\/div>\n\t\t\t\t\t<\/div>\n\t\t\t\t<\/div>\n\t\t<div class=\"elementor-element elementor-element-4308d51 e-flex e-con-boxed e-con e-parent\" data-id=\"4308d51\" data-element_type=\"container\">\n\t\t\t\t\t<div class=\"e-con-inner\">\n\t\t\t\t<div class=\"elementor-element elementor-element-7368470 elementor-widget elementor-widget-text-editor\" data-id=\"7368470\" data-element_type=\"widget\" data-widget_type=\"text-editor.default\">\n\t\t\t\t<div class=\"elementor-widget-container\">\n\t\t\t\t\t\t\t\t\t<p><b><i>Un moment de pure d\u00e9tente pour pr\u00e9parer la grossesse<\/i><\/b><\/p>\t\t\t\t\t\t\t\t<\/div>\n\t\t\t\t<\/div>\n\t\t\t\t\t<\/div>\n\t\t\t\t<\/div>\n\t\t<div class=\"elementor-element elementor-element-f01e3f6 e-flex e-con-boxed e-con e-parent\" data-id=\"f01e3f6\" data-element_type=\"container\">\n\t\t\t\t\t<div class=\"e-con-inner\">\n\t\t<div class=\"elementor-element elementor-element-3216625 e-con-full e-flex e-con e-child\" data-id=\"3216625\" data-element_type=\"container\">\n\t\t\t\t<div class=\"elementor-element elementor-element-31f445f animated-slow elementor-invisible elementor-widget elementor-widget-image\" data-id=\"31f445f\" data-element_type=\"widget\" data-settings=\"{&quot;_animation&quot;:&quot;fadeIn&quot;}\" data-widget_type=\"image.default\">\n\t\t\t\t<div class=\"elementor-widget-container\">\n\t\t\t\t\t\t\t\t\t\t\t\t\t\t\t<img fetchpriority=\"high\" decoding=\"async\" width=\"839\" height=\"1024\" src=\"https:\/\/vitaliteetharmonieensoi.com\/wp-content\/uploads\/2025\/05\/Preconception_desc.png\" class=\"attachment-large size-large wp-image-644\" alt=\"\" srcset=\"https:\/\/vitaliteetharmonieensoi.com\/wp-content\/uploads\/2025\/05\/Preconception_desc.png 840w, https:\/\/vitaliteetharmonieensoi.com\/wp-content\/uploads\/2025\/05\/Preconception_desc-246x300.png 246w, https:\/\/vitaliteetharmonieensoi.com\/wp-content\/uploads\/2025\/05\/Preconception_desc-768x937.png 768w\" sizes=\"(max-width: 839px) 100vw, 839px\" \/>\t\t\t\t\t\t\t\t\t\t\t\t\t\t\t<\/div>\n\t\t\t\t<\/div>\n\t\t\t\t<\/div>\n\t\t<div class=\"elementor-element elementor-element-87232ed e-con-full e-flex e-con e-child\" data-id=\"87232ed\" data-element_type=\"container\">\n\t\t\t\t<div class=\"elementor-element elementor-element-185ad7e elementor-widget elementor-widget-text-editor\" data-id=\"185ad7e\" data-element_type=\"widget\" data-widget_type=\"text-editor.default\">\n\t\t\t\t<div class=\"elementor-widget-container\">\n\t\t\t\t\t\t\t\t\t<p>Le Massage Pr\u00e9conception est destin\u00e9 aux personnes souhaitant pr\u00e9parer en conscience leur corps et leur esprit \u00e0 la grossesse.\u00a0 Je le propose, notamment, lorsque la grossesse se fait attendre et en accompagnement dans le parcours PMA.<\/p><p>Ce massage favorise la relaxation, soulage les tensions physiques et \u00e9motionnelles. Il agit en profondeur sur les organes reproducteurs, \u00e9quilibre et r\u00e9gule le syst\u00e8me hormonal, stimule la circulation sanguine.<\/p><p>D\u2019un point de vue \u00e9nerg\u00e9tique, il permet la lib\u00e9ration des blocages et harmonise la circulation des \u00e9nergies.<\/p><p>\u00a0Il est b\u00e9n\u00e9fique \u00e9galement dans le cas de pathologies des organes reproducteurs : troubles du cycle menstruel, endom\u00e9triose, fibromes,\u2026<\/p>\t\t\t\t\t\t\t\t<\/div>\n\t\t\t\t<\/div>\n\t\t\t\t<div class=\"elementor-element elementor-element-276d1d8 elementor-widget elementor-widget-text-editor\" data-id=\"276d1d8\" data-element_type=\"widget\" data-widget_type=\"text-editor.default\">\n\t\t\t\t<div class=\"elementor-widget-container\">\n\t\t\t\t\t\t\t\t\t<p><i>Il est important de noter que <\/i><i>ce<\/i><i> massage est \u00e0 consid\u00e9rer comme un compl\u00e9ment pr\u00e9cieux aux autres mesures prises pour optimiser la fertilit\u00e9, telles que: l&rsquo;alimentation \u00e9quilibr\u00e9e, l&rsquo;exercice r\u00e9gulier et le suivi m\u00e9dical appropri\u00e9<\/i>.<\/p>\t\t\t\t\t\t\t\t<\/div>\n\t\t\t\t<\/div>\n\t\t\t\t<\/div>\n\t\t\t\t\t<\/div>\n\t\t\t\t<\/div>\n\t\t<div class=\"elementor-element elementor-element-0217790 e-flex e-con-boxed e-con e-parent\" data-id=\"0217790\" data-element_type=\"container\">\n\t\t\t\t\t<div class=\"e-con-inner\">\n\t\t\t\t<div class=\"elementor-element elementor-element-b4b23bc elementor-align-center elementor-widget elementor-widget-button\" data-id=\"b4b23bc\" data-element_type=\"widget\" data-widget_type=\"button.default\">\n\t\t\t\t<div class=\"elementor-widget-container\">\n\t\t\t\t\t\t\t\t\t<div class=\"elementor-button-wrapper\">\n\t\t\t\t\t<a class=\"elementor-button elementor-button-link elementor-size-sm\" href=\"https:\/\/vitaliteetharmonieensoi.com\/?page_id=324\">\n\t\t\t\t\t\t<span class=\"elementor-button-content-wrapper\">\n\t\t\t\t\t\t\t\t\t<span class=\"elementor-button-text\">Apr\u00e8s le soin<\/span>\n\t\t\t\t\t<\/span>\n\t\t\t\t\t<\/a>\n\t\t\t\t<\/div>\n\t\t\t\t\t\t\t\t<\/div>\n\t\t\t\t<\/div>\n\t\t\t\t\t<\/div>\n\t\t\t\t<\/div>\n\t\t<div class=\"elementor-element elementor-element-ededcd6 e-flex e-con-boxed e-con e-parent\" data-id=\"ededcd6\" data-element_type=\"container\">\n\t\t\t\t\t<div class=\"e-con-inner\">\n\t\t\t\t<div class=\"elementor-element elementor-element-496df8c elementor-widget elementor-widget-image\" data-id=\"496df8c\" data-element_type=\"widget\" data-widget_type=\"image.default\">\n\t\t\t\t<div class=\"elementor-widget-container\">\n\t\t\t\t\t\t\t\t\t\t\t\t\t\t\t<img decoding=\"async\" src=\"https:\/\/vitaliteetharmonieensoi.com\/wp-content\/uploads\/2025\/04\/Bandeau-oliviers.png\" title=\"Bandeau oliviers\" alt=\"Bandeau oliviers\" loading=\"lazy\" \/>\t\t\t\t\t\t\t\t\t\t\t\t\t\t\t<\/div>\n\t\t\t\t<\/div>\n\t\t\t\t\t<\/div>\n\t\t\t\t<\/div>\n\t\t<div class=\"elementor-element elementor-element-ae193b0 e-flex e-con-boxed e-con e-parent\" data-id=\"ae193b0\" data-element_type=\"container\">\n\t\t\t\t\t<div class=\"e-con-inner\">\n\t\t\t\t<div class=\"elementor-element elementor-element-5602c2b elementor-widget elementor-widget-heading\" data-id=\"5602c2b\" data-element_type=\"widget\" data-widget_type=\"heading.default\">\n\t\t\t\t<div class=\"elementor-widget-container\">\n\t\t\t\t\t<h2 class=\"elementor-heading-title elementor-size-default\">La Prestation<\/h2>\t\t\t\t<\/div>\n\t\t\t\t<\/div>\n\t\t\t\t\t<\/div>\n\t\t\t\t<\/div>\n\t\t<div class=\"elementor-element elementor-element-3f0ac3a e-flex e-con-boxed e-con e-parent\" data-id=\"3f0ac3a\" data-element_type=\"container\">\n\t\t\t\t\t<div class=\"e-con-inner\">\n\t\t<div class=\"elementor-element elementor-element-b58aa5a e-con-full e-flex e-con e-child\" data-id=\"b58aa5a\" data-element_type=\"container\">\n\t\t\t\t<\/div>\n\t\t<div class=\"elementor-element elementor-element-46766e3 e-con-full e-flex e-con e-child\" data-id=\"46766e3\" data-element_type=\"container\">\n\t\t<div class=\"elementor-element elementor-element-69dbe5a e-con-full e-flex e-con e-child\" data-id=\"69dbe5a\" data-element_type=\"container\">\n\t\t\t\t<div class=\"elementor-element elementor-element-3c67284 elementor-widget elementor-widget-text-editor\" data-id=\"3c67284\" data-element_type=\"widget\" data-widget_type=\"text-editor.default\">\n\t\t\t\t<div class=\"elementor-widget-container\">\n\t\t\t\t\t\t\t\t\t<p><strong>MASSAGE PR\u00c9CONCEPTION<\/strong><br \/>Pr\u00e9paration \u00e0 la grossesse, soutien des organes reproducteurs<br \/><strong>Dur\u00e9e : 1H45 &#8211; Tarif : 120 \u20ac<\/strong><\/p>\t\t\t\t\t\t\t\t<\/div>\n\t\t\t\t<\/div>\n\t\t\t\t<\/div>\n\t\t\t\t<\/div>\n\t\t<div class=\"elementor-element elementor-element-4d763af e-con-full e-flex e-con e-child\" data-id=\"4d763af\" data-element_type=\"container\">\n\t\t\t\t<div class=\"elementor-element elementor-element-81b83be animated-slow elementor-invisible elementor-widget elementor-widget-image\" data-id=\"81b83be\" data-element_type=\"widget\" data-settings=\"{&quot;_animation&quot;:&quot;fadeIn&quot;}\" data-widget_type=\"image.default\">\n\t\t\t\t<div class=\"elementor-widget-container\">\n\t\t\t\t\t\t\t\t\t\t\t\t\t\t\t<img decoding=\"async\" src=\"https:\/\/vitaliteetharmonieensoi.com\/wp-content\/uploads\/2025\/05\/Massage-preconception_prestation.png\" title=\"Massage preconception_prestation\" alt=\"Massage preconception_prestation\" loading=\"lazy\" \/>\t\t\t\t\t\t\t\t\t\t\t\t\t\t\t<\/div>\n\t\t\t\t<\/div>\n\t\t\t\t<\/div>\n\t\t<div class=\"elementor-element elementor-element-fd4c3bc e-con-full e-flex e-con e-child\" data-id=\"fd4c3bc\" data-element_type=\"container\">\n\t\t\t\t<\/div>\n\t\t\t\t\t<\/div>\n\t\t\t\t<\/div>\n\t\t<div class=\"elementor-element elementor-element-7c5b7f1 e-flex e-con-boxed e-con e-parent\" data-id=\"7c5b7f1\" data-element_type=\"container\">\n\t\t\t\t\t<div class=\"e-con-inner\">\n\t\t\t\t<div class=\"elementor-element elementor-element-826aaf8 elementor-widget elementor-widget-text-editor\" data-id=\"826aaf8\" data-element_type=\"widget\" data-widget_type=\"text-editor.default\">\n\t\t\t\t<div class=\"elementor-widget-container\">\n\t\t\t\t\t\t\t\t\t<p>\u00a9 Marta JANUSZ &#8211; Vitalit\u00e9 et Harmonie en soi<br \/>Site cr\u00e9\u00e9 par epiGraph\u00ae &#8211; www.epigraph.fr<br \/><a href=\"https:\/\/vitaliteetharmonieensoi.com\/index.php\/mentions-legales\/\">Mentions l\u00e9gales &amp; Politique de confidentialit\u00e9<\/a><\/p>\t\t\t\t\t\t\t\t<\/div>\n\t\t\t\t<\/div>\n\t\t\t\t\t<\/div>\n\t\t\t\t<\/div>\n\t\t\t\t<\/div>\n\t\t","protected":false},"excerpt":{"rendered":"<p>LE MASSAGE PR\u00c9CONCEPTION Un moment de pure d\u00e9tente pour pr\u00e9parer la grossesse Le Massage Pr\u00e9conception est destin\u00e9 aux personnes souhaitant pr\u00e9parer en conscience leur corps et leur esprit \u00e0 la grossesse.\u00a0 Je le propose, notamment, lorsque la grossesse se fait attendre et en accompagnement dans le parcours PMA. Ce massage favorise la relaxation, soulage les [&hellip;]<\/p>\n","protected":false},"author":1,"featured_media":0,"parent":0,"menu_order":0,"comment_status":"closed","ping_status":"closed","template":"","meta":{"footnotes":""},"class_list":["post-67","page","type-page","status-publish","hentry"],"_links":{"self":[{"href":"https:\/\/vitaliteetharmonieensoi.com\/index.php\/wp-json\/wp\/v2\/pages\/67","targetHints":{"allow":["GET"]}}],"collection":[{"href":"https:\/\/vitaliteetharmonieensoi.com\/index.php\/wp-json\/wp\/v2\/pages"}],"about":[{"href":"https:\/\/vitaliteetharmonieensoi.com\/index.php\/wp-json\/wp\/v2\/types\/page"}],"author":[{"embeddable":true,"href":"https:\/\/vitaliteetharmonieensoi.com\/index.php\/wp-json\/wp\/v2\/users\/1"}],"replies":[{"embeddable":true,"href":"https:\/\/vitaliteetharmonieensoi.com\/index.php\/wp-json\/wp\/v2\/comments?post=67"}],"version-history":[{"count":101,"href":"https:\/\/vitaliteetharmonieensoi.com\/index.php\/wp-json\/wp\/v2\/pages\/67\/revisions"}],"predecessor-version":[{"id":843,"href":"https:\/\/vitaliteetharmonieensoi.com\/index.php\/wp-json\/wp\/v2\/pages\/67\/revisions\/843"}],"wp:attachment":[{"href":"https:\/\/vitaliteetharmonieensoi.com\/index.php\/wp-json\/wp\/v2\/media?parent=67"}],"curies":[{"name":"wp","href":"https:\/\/api.w.org\/{rel}","templated":true}]}}